{"id":1069,"date":"2024-12-19T00:26:56","date_gmt":"2024-12-18T21:26:56","guid":{"rendered":"https:\/\/sportval.fi\/?page_id=1069"},"modified":"2026-02-26T16:07:12","modified_gmt":"2026-02-26T14:07:12","slug":"kuka-olen","status":"publish","type":"page","link":"https:\/\/sportval.fi\/en\/kuka-olen\/","title":{"rendered":"Who am I?"},"content":{"rendered":"\t\t<div data-elementor-type=\"wp-page\" data-elementor-id=\"1069\" class=\"elementor elementor-1069\">\n\t\t\t\t<div class=\"elementor-element elementor-element-236587b e-flex e-con-boxed e-con e-parent\" data-id=\"236587b\" data-element_type=\"container\" data-e-type=\"container\" data-settings=\"{&quot;background_background&quot;:&quot;slideshow&quot;,&quot;background_slideshow_gallery&quot;:[{&quot;id&quot;:1012,&quot;url&quot;:&quot;https:\\\/\\\/sportval.fi\\\/wp-content\\\/uploads\\\/2024\\\/11\\\/Nimeton-malli.png&quot;}],&quot;background_slideshow_loop&quot;:&quot;yes&quot;,&quot;background_slideshow_slide_duration&quot;:5000,&quot;background_slideshow_slide_transition&quot;:&quot;fade&quot;,&quot;background_slideshow_transition_duration&quot;:500}\">\n\t\t\t\t\t<div class=\"e-con-inner\">\n\t\t\t\t<div class=\"elementor-element elementor-element-a9992a2 elementor-widget elementor-widget-heading\" data-id=\"a9992a2\" data-element_type=\"widget\" data-e-type=\"widget\" data-widget_type=\"heading.default\">\n\t\t\t\t<div class=\"elementor-widget-container\">\n\t\t\t\t\t<h2 class=\"elementor-heading-title elementor-size-default\">Kuka olen?<\/h2>\t\t\t\t<\/div>\n\t\t\t\t<\/div>\n\t\t\t\t\t<\/div>\n\t\t\t\t<\/div>\n\t\t<div class=\"elementor-element elementor-element-eec8d37 e-flex e-con-boxed e-con e-parent\" data-id=\"eec8d37\" data-element_type=\"container\" data-e-type=\"container\">\n\t\t\t\t\t<div class=\"e-con-inner\">\n\t\t<div class=\"elementor-element elementor-element-63ba907 e-con-full e-flex e-con e-child\" data-id=\"63ba907\" data-element_type=\"container\" data-e-type=\"container\">\n\t\t\t\t<div class=\"elementor-element elementor-element-56aaf6a elementor-widget-mobile__width-initial elementor-widget elementor-widget-text-editor\" data-id=\"56aaf6a\" data-element_type=\"widget\" data-e-type=\"widget\" data-widget_type=\"text-editor.default\">\n\t\t\t\t<div class=\"elementor-widget-container\">\n\t\t\t\t\t\t\t\t\t<p>Olen Valtteri 24v, valmentaja ja SM-tason kilpaurheilija tenniksess\u00e4. Valmennukseni keskittyy urheilullisuuteen ja kokonaisvaltaiseen kehittymiseen, niin kuntoilijoille kuin kilpaurheilijoille. Taustani tenniksess\u00e4 ja monipuolinen kokemus fyysisest\u00e4 harjoittelusta n\u00e4kyv\u00e4t k\u00e4yt\u00e4nn\u00f6nl\u00e4heisess\u00e4 ja tuloskeskeisess\u00e4 valmennustyyliss\u00e4ni.<\/p><p>Koulutukseni:<\/p><ul><li>Liikuntaneuvoja (AT)<\/li><li>Personal Trainer (Urheiluopistojen sertifikaatti)<\/li><li>Kuntosaliharjoittelun ohjelmoinnin asiantuntija (Trainer4you)<\/li><\/ul>\t\t\t\t\t\t\t\t<\/div>\n\t\t\t\t<\/div>\n\t\t\t\t<\/div>\n\t\t<div class=\"elementor-element elementor-element-bd5c1b5 e-con-full e-flex e-con e-child\" data-id=\"bd5c1b5\" data-element_type=\"container\" data-e-type=\"container\">\n\t\t\t\t<div class=\"elementor-element elementor-element-4513173 elementor-widget elementor-widget-image\" data-id=\"4513173\" data-element_type=\"widget\" data-e-type=\"widget\" data-widget_type=\"image.default\">\n\t\t\t\t<div class=\"elementor-widget-container\">\n\t\t\t\t\t\t\t\t\t\t\t\t\t\t\t<img fetchpriority=\"high\" decoding=\"async\" width=\"819\" height=\"1024\" src=\"https:\/\/sportval.fi\/wp-content\/uploads\/2024\/12\/selfie-819x1024.png\" class=\"attachment-large size-large wp-image-1082\" alt=\"Valtteri Tuukkanen\" srcset=\"https:\/\/sportval.fi\/wp-content\/uploads\/2024\/12\/selfie-819x1024.png 819w, https:\/\/sportval.fi\/wp-content\/uploads\/2024\/12\/selfie-240x300.png 240w, https:\/\/sportval.fi\/wp-content\/uploads\/2024\/12\/selfie-768x960.png 768w, https:\/\/sportval.fi\/wp-content\/uploads\/2024\/12\/selfie.png 1080w\" sizes=\"(max-width: 819px) 100vw, 819px\" \/>\t\t\t\t\t\t\t\t\t\t\t\t\t\t\t<\/div>\n\t\t\t\t<\/div>\n\t\t\t\t<\/div>\n\t\t\t\t\t<\/div>\n\t\t\t\t<\/div>\n\t\t\t\t<\/div>\n\t\t","protected":false},"excerpt":{"rendered":"<p>Kuka olen? Olen Valtteri 24v, valmentaja ja SM-tason kilpaurheilija tenniksess\u00e4. Valmennukseni keskittyy urheilullisuuteen ja kokonaisvaltaiseen kehittymiseen, niin kuntoilijoille kuin kilpaurheilijoille. Taustani tenniksess\u00e4 ja monipuolinen kokemus fyysisest\u00e4 harjoittelusta n\u00e4kyv\u00e4t k\u00e4yt\u00e4nn\u00f6nl\u00e4heisess\u00e4 ja tuloskeskeisess\u00e4 valmennustyyliss\u00e4ni. Koulutukseni: Liikuntaneuvoja (AT) Personal Trainer (Urheiluopistojen sertifikaatti) Kuntosaliharjoittelun ohjelmoinnin asiantuntija (Trainer4you)<\/p>","protected":false},"author":1,"featured_media":0,"parent":0,"menu_order":0,"comment_status":"closed","ping_status":"closed","template":"","meta":{"footnotes":""},"class_list":["post-1069","page","type-page","status-publish","hentry"],"blocksy_meta":[],"_links":{"self":[{"href":"https:\/\/sportval.fi\/en\/wp-json\/wp\/v2\/pages\/1069","targetHints":{"allow":["GET"]}}],"collection":[{"href":"https:\/\/sportval.fi\/en\/wp-json\/wp\/v2\/pages"}],"about":[{"href":"https:\/\/sportval.fi\/en\/wp-json\/wp\/v2\/types\/page"}],"author":[{"embeddable":true,"href":"https:\/\/sportval.fi\/en\/wp-json\/wp\/v2\/users\/1"}],"replies":[{"embeddable":true,"href":"https:\/\/sportval.fi\/en\/wp-json\/wp\/v2\/comments?post=1069"}],"version-history":[{"count":11,"href":"https:\/\/sportval.fi\/en\/wp-json\/wp\/v2\/pages\/1069\/revisions"}],"predecessor-version":[{"id":1332,"href":"https:\/\/sportval.fi\/en\/wp-json\/wp\/v2\/pages\/1069\/revisions\/1332"}],"wp:attachment":[{"href":"https:\/\/sportval.fi\/en\/wp-json\/wp\/v2\/media?parent=1069"}],"curies":[{"name":"wp","href":"https:\/\/api.w.org\/{rel}","templated":true}]}}